{"id":733,"date":"2014-03-26T13:43:01","date_gmt":"2014-03-26T11:43:01","guid":{"rendered":"http:\/\/walter-erpf.de\/?page_id=733"},"modified":"2014-03-26T16:55:21","modified_gmt":"2014-03-26T14:55:21","slug":"fritz-gruenbaum","status":"publish","type":"page","link":"http:\/\/walter-erpf.de\/?page_id=733","title":{"rendered":"Fritz Gr\u00fcnbaum"},"content":{"rendered":"<p>&nbsp;<\/p>\n<p><strong>NOTEN<\/strong>\u00a0(eine Auswahl von Musiktiteln,\u00a0die sich in Orchesterarrangements oder\/und Gesangs-Ausgaben im Archiv befinden):<\/p>\n<p>&nbsp;<\/p>\n<p>Das sch\u00f6ne Fr\u00e4ul\u00b4n Helen soll nicht mehr baden !\u00a0(Musik von\u00a0Fred Raymond)<\/p>\n<p>Der Knalleffekt\u00a0(Musik von\u00a0Theo A. K\u00f6rner)<\/p>\n<p>Dort unterm Baum (Musik von Willy Kunkel)<\/p>\n<p>Du glaubst vielleicht ich wei\u00df nicht, da\u00df du mich belogen\u2026\u00a0(Musik von\u00a0Lew Brown, Text: Fritz Gr\u00fcnbaum und Alexander Engel)<\/p>\n<p>Einmal nur gek\u00fcsst\u00a0(Musik von\u00a0Vincent Rose)<\/p>\n<p>Henriette\u00a0(Musik von\u00a0Richard Fall)<\/p>\n<p>Ich hab das Fr\u00e4ul\u00b4n Helen baden seh\u00b4n (Musik von\u00a0Fred Raymond)<\/p>\n<p>Ist meine Frau nicht s\u00fc\u00df ?\u00a0(Musik von\u00a0Walter Donaldson, Text: Fritz Gr\u00fcnbaum und Karl Farkas)<\/p>\n<p>Puppenbaronessen\u00a0(Musik von\u00a0Richard Fall)<\/p>\n<p>Traumk\u00f6nigin\u00a0\u00a0(Musik von\u00a0Schmidt-Boelke)<\/p>\n<p>Und so schlender\u00b4 ich gem\u00fctlich durch das Leben\u00a0(Musik von\u00a0Willy Engel-Berger)<\/p>\n<p>Wenn ich in deine falschen Augen schaue\u00a0(Musik von\u00a0Richard Fall)<\/p>\n<p>Wo steckt die Melanie seit gestern Nacht ? (Musik von Walter Donaldson, Text von Fritz Gr\u00fcnbaum und Karl Farkas)<\/p>\n<p>&nbsp;<\/p>\n<p><span style=\"text-decoration: underline;\"><b>GEDICHTB\u00c4NDE:<\/b><\/span><\/p>\n<p><em>Liebe? &#8211; Mumpitz<\/em>\u00a0(mit Zeichnungen von Hans Lindloff)<br \/>\n<em>Ohrfeigen<\/em><br \/>\n<em>Die Sch\u00f6pfung<\/em><br \/>\n<em>Verlogene Wahrheiten<\/em><br \/>\n<em>Vom seligen Zensor<\/em><br \/>\n<em>Vierweiberei<\/em><br \/>\n<em>Von un-, an-, und ausgezogenen Damen<\/em><br \/>\n<em>Die Liebe, der Tod und der Teufel<\/em><br \/>\n<em>Gr\u00fcnbaum contra Gr\u00fcnbaum<\/em><br \/>\n<em>Menschen und Viecher<\/em><\/p>\n<p>&#8212;&#8212;&#8212;&#8212;&#8212;&#8212;&#8212;&#8212;&#8212;&#8212;&#8212;&#8211;<\/p>\n<p>Fritz Gr\u00fcnbaum-Portr\u00e4tfoto mit seiner Orig.Handschrift: \u201e. Fritz Gr\u00fcnbaum, Dresden, 24. Februar 1930\u201c<br \/>\nFritz Gr\u00fcnbaum-Karte an<\/p>\n<p>&#8212;&#8212;&#8212;&#8212;&#8212;&#8212;&#8212;&#8212;&#8212;&#8212;&#8212;&#8211;<\/p>\n","protected":false},"excerpt":{"rendered":"<p>&nbsp; NOTEN\u00a0(eine Auswahl von Musiktiteln,\u00a0die sich in Orchesterarrangements oder\/und Gesangs-Ausgaben im Archiv befinden): &nbsp; Das sch\u00f6ne Fr\u00e4ul\u00b4n Helen soll nicht mehr baden !\u00a0(Musik von\u00a0Fred Raymond) Der Knalleffekt\u00a0(Musik von\u00a0Theo A. K\u00f6rner) Dort unterm Baum (Musik von Willy Kunkel) Du glaubst vielleicht ich wei\u00df nicht, da\u00df du mich belogen\u2026\u00a0(Musik von\u00a0Lew Brown, Text: Fritz Gr\u00fcnbaum und Alexander Engel) [&hellip;]<\/p>\n","protected":false},"author":2,"featured_media":0,"parent":0,"menu_order":0,"comment_status":"open","ping_status":"open","template":"","meta":[],"_links":{"self":[{"href":"http:\/\/walter-erpf.de\/index.php?rest_route=\/wp\/v2\/pages\/733"}],"collection":[{"href":"http:\/\/walter-erpf.de\/index.php?rest_route=\/wp\/v2\/pages"}],"about":[{"href":"http:\/\/walter-erpf.de\/index.php?rest_route=\/wp\/v2\/types\/page"}],"author":[{"embeddable":true,"href":"http:\/\/walter-erpf.de\/index.php?rest_route=\/wp\/v2\/users\/2"}],"replies":[{"embeddable":true,"href":"http:\/\/walter-erpf.de\/index.php?rest_route=%2Fwp%2Fv2%2Fcomments&post=733"}],"version-history":[{"count":9,"href":"http:\/\/walter-erpf.de\/index.php?rest_route=\/wp\/v2\/pages\/733\/revisions"}],"predecessor-version":[{"id":814,"href":"http:\/\/walter-erpf.de\/index.php?rest_route=\/wp\/v2\/pages\/733\/revisions\/814"}],"wp:attachment":[{"href":"http:\/\/walter-erpf.de\/index.php?rest_route=%2Fwp%2Fv2%2Fmedia&parent=733"}],"curies":[{"name":"wp","href":"https:\/\/api.w.org\/{rel}","templated":true}]}}