{"id":526,"date":"2014-03-20T16:10:26","date_gmt":"2014-03-20T14:10:26","guid":{"rendered":"http:\/\/www.jftweb.de\/?page_id=526"},"modified":"2015-10-15T16:48:33","modified_gmt":"2015-10-15T14:48:33","slug":"sammlung3","status":"publish","type":"page","link":"http:\/\/walter-erpf.de\/?page_id=526","title":{"rendered":"Die Sammlung"},"content":{"rendered":"<div id=\"pl-526\"  class=\"panel-layout\" ><div id=\"pg-526-0\"  class=\"panel-grid panel-no-style\" ><div id=\"pgc-526-0-0\"  class=\"panel-grid-cell\" ><div id=\"panel-526-0-0-0\" class=\"so-panel widget widget_sow-editor panel-first-child\" data-index=\"0\" ><div\n\t\t\t\n\t\t\tclass=\"so-widget-sow-editor so-widget-sow-editor-base\"\n\t\t\t\n\t\t>\n<div class=\"siteorigin-widget-tinymce textwidget\">\n\t<p>Die Sammlung umfasst Tausende von \u2192<strong><a title=\"Noten\" href=\"http:\/\/walter-erpf.de\/?page_id=156\">Notenausgaben<\/a><\/strong>, Hunderte von Kabarett-, Theater- und Filmprogrammen, sowie Autogramme, Widmungsexemplare, Briefe und Fotografien von K\u00fcnstlern aus der Unterhaltungsbranche der 20er\/30er Jahren mit dem Schwerpunkt\u00a0<strong>J\u00fcdische K\u00fcnstler<\/strong>.<\/p>\n<p>So etwa die Programme der fr\u00fchen Revuen von\u00a0\u2192<a title=\"Friedrich Hollaender\" href=\"http:\/\/walter-erpf.de\/?page_id=747\"><strong>Friedrich Hollaender<\/strong><\/a>,\u00a0\u2192<a title=\"Mischa Spoliansky\" href=\"http:\/\/walter-erpf.de\/?page_id=770\"><strong>Mischa Spoliansky<\/strong><\/a>,\u00a0\u2192<strong><a title=\"Werner R. Heymann\" href=\"http:\/\/walter-erpf.de\/?page_id=745\">Werner R.Heymann<\/a><\/strong>,<strong><a title=\"Ralph Benatzky\" href=\"http:\/\/walter-erpf.de\/?page_id=755\"> \u2192Ralph Benatzky<\/a>\u00a0<\/strong>oder\u00a0\u2192<a title=\"Rudolf Nelson\" href=\"http:\/\/walter-erpf.de\/?page_id=751\"><strong>Rudolf Nelson<\/strong><\/a>.<\/p>\n<p>Dar\u00fcber hinaus befinden sich einzigartige Dokumente \u00fcber die\u00a0\u2192<a title=\"Comedian Harmonists\" href=\"http:\/\/walter-erpf.de\/?page_id=741\"><strong>Comedian Harmonists<\/strong><\/a>, \u00fcber\u00a0\u2192<a title=\"Fritz Gr\u00fcnbaum\" href=\"http:\/\/walter-erpf.de\/?page_id=733\"><strong>Fritz Gr\u00fcnbaum<\/strong><\/a>, \u2192<a title=\"Fritz L\u00f6hner-BEDA\" href=\"http:\/\/walter-erpf.de\/?page_id=735\"><strong>Fritz L\u00f6hner-Beda<\/strong><\/a>,\u00a0\u2192<a title=\"Willi Rosen\" href=\"http:\/\/walter-erpf.de\/?page_id=737\"><strong>Willi Rosen<\/strong><\/a>,\u00a0\u2192<a title=\"Ralph Erwin\" href=\"http:\/\/walter-erpf.de\/?page_id=753\"><strong>Ralph Erwin<\/strong><\/a>,\u00a0\u2192<a title=\"Paul O\u00b4Montis\" href=\"http:\/\/walter-erpf.de\/?page_id=749\"><strong>Paul O\u00b4Montis<\/strong><\/a>,\u00a0\u00a0<strong>Franz Engel<\/strong>,\u00a0\u2192<a title=\"Max Hansen\" href=\"http:\/\/walter-erpf.de\/?page_id=739\"><strong>Max Hansen<\/strong><\/a>,\u00a0\u2192<strong><a title=\"Richard Fall\" href=\"http:\/\/walter-erpf.de\/?page_id=743\">Richard Fall<\/a>\u00a0<\/strong>u.v.a. in meinem Archiv.<\/p>\n<p>Die meisten der Schlager oben genannter Komponisten und Texter sind in einem Fundus von mehr als 3500 Schellackplatten ebenfalls in meinem Archiv.<\/p>\n<p>Desweiteren umfasst die Sammlung Dokumente zu Tanzorchestern und Vortragsk\u00fcnstlern, K\u00fcnstlervertr\u00e4ge,\u00a0Materialien zum Thema Gesellschaftstanz und zahlreiche Zeitungen und Zeitschriften (UHU, Der Querschnitt, Das Leben, Die Weltb\u00fchne usw.).<\/p>\n<p>Erg\u00e4nzt wird das Thema\u00a0<strong>Unterhaltungskultur der 20er Jahre<\/strong>\u00a0mit \u2192<strong><a title=\"Musikinstrumente \/ Grammophone etc.\" href=\"http:\/\/walter-erpf.de\/?page_id=524\">Musikinstrumenten<\/a><\/strong> (Trichtergeigen, einem Pianola, Orchestrion,\u00a0Schlagzeug), einer Sammlung von gut 20 Grammophonen sowie mit originalen Kleidern, H\u00fcten, Accessoires wie Handschuhe, Puderdosen, Schaufensterpuppen u.dergl.<\/p>\n<\/div>\n<\/div><\/div><div id=\"panel-526-0-0-1\" class=\"so-panel widget widget_text panel-last-child\" data-index=\"1\" >\t\t\t<div class=\"textwidget\">Die Sammlung umfasst Tausende von \u2192Notenausgaben, Hunderte von Kabarett-, Theater- und Filmprogrammen, sowie Autogramme, Widmungsexemplare, Briefe und Fotografien von K\u00fcnstlern aus der Unterhaltungsbranche der 20er\/30er Jahren mit dem Schwerpunkt J\u00fcdische K\u00fcnstler.\n\nSo etwa die Programme der fr\u00fchen Revuen von \u2192Friedrich Hollaender, \u2192Mischa Spoliansky, \u2192Werner R.Heymann, \u2192Ralph Benatzky oder \u2192Rudolf Nelson.\n\nDar\u00fcber hinaus befinden sich einzigartige Dokumente \u00fcber die \u2192Comedian Harmonists, \u00fcber \u2192Fritz Gr\u00fcnbaum, \u2192Fritz L\u00f6hner-Beda, \u2192Willi Rosen, \u2192Ralph Erwin, \u2192Paul O\u00b4Montis,  Franz Engel, \u2192Max Hansen, \u2192Richard Fall u.v.a. in meinem Archiv.\n\nDie meisten der Schlager oben genannter Komponisten und Texter sind in einem Fundus von mehr als 3500 Schellackplatten ebenfalls in meinem Archiv.\n\nDesweiteren umfasst die Sammlung Dokumente zu Tanzorchestern und Vortragsk\u00fcnstlern, K\u00fcnstlervertr\u00e4ge, Materialien zum Thema Gesellschaftstanz und zahlreiche Zeitungen und Zeitschriften (UHU, Der Querschnitt, Das Leben, Die Weltb\u00fchne usw.).\n\nErg\u00e4nzt wird das Thema Unterhaltungskultur der 20er Jahre mit \u2192Musikinstrumenten (Trichtergeigen, einem Pianola, Orchestrion, Schlagzeug), einer Sammlung von gut 20 Grammophonen sowie mit originalen Kleidern, H\u00fcten, Accessoires wie Handschuhe, Puderdosen, Schaufensterpuppen u.dergl.<\/div>\n\t\t<\/div><\/div><\/div><\/div>","protected":false},"excerpt":{"rendered":"<p>Die Sammlung umfasst Tausende von \u2192Notenausgaben, Hunderte von Kabarett-, Theater- und Filmprogrammen, sowie Autogramme, Widmungsexemplare, Briefe und Fotografien von K\u00fcnstlern aus der Unterhaltungsbranche der 20er\/30er Jahren mit dem Schwerpunkt\u00a0J\u00fcdische K\u00fcnstler.So etwa die Programme der fr\u00fchen Revuen von\u00a0\u2192Friedrich Hollaender,\u00a0\u2192Mischa Spoliansky,\u00a0\u2192Werner R.Heymann, \u2192Ralph Benatzky\u00a0oder\u00a0\u2192Rudolf Nelson.Dar\u00fcber hinaus befinden sich einzigartige Dokumente \u00fcber die\u00a0\u2192Comedian Harmonists, \u00fcber\u00a0\u2192Fritz Gr\u00fcnbaum, \u2192Fritz L\u00f6hner-Beda,\u00a0\u2192Willi [&hellip;]<\/p>\n","protected":false},"author":2,"featured_media":0,"parent":0,"menu_order":0,"comment_status":"open","ping_status":"open","template":"page-full-width.php","meta":[],"_links":{"self":[{"href":"http:\/\/walter-erpf.de\/index.php?rest_route=\/wp\/v2\/pages\/526"}],"collection":[{"href":"http:\/\/walter-erpf.de\/index.php?rest_route=\/wp\/v2\/pages"}],"about":[{"href":"http:\/\/walter-erpf.de\/index.php?rest_route=\/wp\/v2\/types\/page"}],"author":[{"embeddable":true,"href":"http:\/\/walter-erpf.de\/index.php?rest_route=\/wp\/v2\/users\/2"}],"replies":[{"embeddable":true,"href":"http:\/\/walter-erpf.de\/index.php?rest_route=%2Fwp%2Fv2%2Fcomments&post=526"}],"version-history":[{"count":19,"href":"http:\/\/walter-erpf.de\/index.php?rest_route=\/wp\/v2\/pages\/526\/revisions"}],"predecessor-version":[{"id":1235,"href":"http:\/\/walter-erpf.de\/index.php?rest_route=\/wp\/v2\/pages\/526\/revisions\/1235"}],"wp:attachment":[{"href":"http:\/\/walter-erpf.de\/index.php?rest_route=%2Fwp%2Fv2%2Fmedia&parent=526"}],"curies":[{"name":"wp","href":"https:\/\/api.w.org\/{rel}","templated":true}]}}