{"id":504,"date":"2014-03-20T16:02:17","date_gmt":"2014-03-20T14:02:17","guid":{"rendered":"http:\/\/www.jftweb.de\/?page_id=504"},"modified":"2015-10-26T21:26:14","modified_gmt":"2015-10-26T19:26:14","slug":"biografisches","status":"publish","type":"page","link":"http:\/\/walter-erpf.de\/?page_id=504","title":{"rendered":"Biografisches"},"content":{"rendered":"<div id=\"pl-504\"  class=\"panel-layout\" ><div id=\"pg-504-0\"  class=\"panel-grid panel-no-style\" ><div id=\"pgc-504-0-0\"  class=\"panel-grid-cell\" ><div id=\"panel-504-0-0-0\" class=\"so-panel widget widget_black-studio-tinymce widget_black_studio_tinymce panel-first-child\" data-index=\"0\" ><div class=\"textwidget\"><p><a href=\"http:\/\/walter-erpf.de\/wp-content\/uploads\/2014\/03\/LRR-Prinzregententheater-08-e1395397720904.jpg\"><img class=\"alignnone size-medium wp-image-654\" src=\"http:\/\/walter-erpf.de\/wp-content\/uploads\/2014\/03\/LRR-Prinzregententheater-08-300x197.jpg\" alt=\"LRR Prinzregententheater (08)\" width=\"300\" height=\"197\" \/><\/a><img alt=\"\" \/><\/p>\n<\/div><\/div><div id=\"panel-504-0-0-1\" class=\"so-panel widget widget_text panel-last-child\" data-index=\"1\" >\t\t\t<div class=\"textwidget\"><b>Walter Erpf<\/b>  -  1957 in M\u00fcnchen geboren. <br \/>\nDirigierstudium an der Musikhochschule in M\u00fcnchen, Kurse bei Sergiu Celibidache. <br \/>\nGr\u00fcnder, Pianist\/Akkordeonist und Arrangeur der Musikgruppen <b>La Rose Rouge<\/b> (Tanzmusik der 20er\/30er Jahre), <b>Das kleine Tanztee-Syndikat<\/b> (Salonmusik, Musik der 20er Jahre) und <b>YOUKALI<\/b> (Tango argentino).<br \/>\nDar\u00fcber hinaus viel besch\u00e4ftigt als Chansonbegleiter, am Theater und mit Laienorchestern, als Dozent an Volkshochschulen, als Veranstalter und als Ausstellungskurator.<br \/>\nSammelt seit \u00fcber 30 Jahren (fast) alles um das Thema <b>Unterhaltungskultur der 20er Jahre<\/b> und hat mittlerweile eine umf\u00e4ngliche und st\u00e4ndig in Erweiterung befindliche Sammlung zu diesem Thema zusammengetragen.<br \/>\nDas Archiv birgt mehr als 12.000 Originalarrangements f\u00fcr Orchester, \u00fcber 2500 Ausgaben f\u00fcr Gesang und Klavier, etwa 3500 Schellackplatten, zahlreiche Grammophone sowie unz\u00e4hlige Autographen, Photos, Urauff\u00fchrungsprogramme, Autogramme, Zeitschriften, Literatur, Musikinstrumente etc.<br \/>\nEines meiner wichtigsten Anliegen ist die Recherche und Publizierung der Lebensumst\u00e4nde von durch den Naziterror in Vergessenheit geratener K\u00fcnstler.<\/div>\n\t\t<\/div><\/div><\/div><\/div>","protected":false},"excerpt":{"rendered":"<p>Walter Erpf &#8211; 1957 in M\u00fcnchen geboren. Dirigierstudium an der Musikhochschule in M\u00fcnchen, Kurse bei Sergiu Celibidache. Gr\u00fcnder, Pianist\/Akkordeonist und Arrangeur der Musikgruppen La Rose Rouge (Tanzmusik der 20er\/30er Jahre), Das kleine Tanztee-Syndikat (Salonmusik, Musik der 20er Jahre) und YOUKALI (Tango argentino). Dar\u00fcber hinaus viel besch\u00e4ftigt als Chansonbegleiter, am Theater und mit Laienorchestern, als Dozent [&hellip;]<\/p>\n","protected":false},"author":2,"featured_media":0,"parent":0,"menu_order":0,"comment_status":"open","ping_status":"open","template":"page-full-width.php","meta":[],"_links":{"self":[{"href":"http:\/\/walter-erpf.de\/index.php?rest_route=\/wp\/v2\/pages\/504"}],"collection":[{"href":"http:\/\/walter-erpf.de\/index.php?rest_route=\/wp\/v2\/pages"}],"about":[{"href":"http:\/\/walter-erpf.de\/index.php?rest_route=\/wp\/v2\/types\/page"}],"author":[{"embeddable":true,"href":"http:\/\/walter-erpf.de\/index.php?rest_route=\/wp\/v2\/users\/2"}],"replies":[{"embeddable":true,"href":"http:\/\/walter-erpf.de\/index.php?rest_route=%2Fwp%2Fv2%2Fcomments&post=504"}],"version-history":[{"count":7,"href":"http:\/\/walter-erpf.de\/index.php?rest_route=\/wp\/v2\/pages\/504\/revisions"}],"predecessor-version":[{"id":1248,"href":"http:\/\/walter-erpf.de\/index.php?rest_route=\/wp\/v2\/pages\/504\/revisions\/1248"}],"wp:attachment":[{"href":"http:\/\/walter-erpf.de\/index.php?rest_route=%2Fwp%2Fv2%2Fmedia&parent=504"}],"curies":[{"name":"wp","href":"https:\/\/api.w.org\/{rel}","templated":true}]}}